{"id":8202,"date":"2023-10-25T10:08:14","date_gmt":"2023-10-25T10:08:14","guid":{"rendered":"https:\/\/ingesom.com\/contacte\/"},"modified":"2026-02-25T10:34:47","modified_gmt":"2026-02-25T10:34:47","slug":"contacte","status":"publish","type":"page","link":"https:\/\/ingesom.com\/ca\/contacte\/","title":{"rendered":"Contacte"},"content":{"rendered":"<p>[et_pb_section fb_built=&#8221;1&#8243; _builder_version=&#8221;4.27.4&#8243; _module_preset=&#8221;default&#8221; background_image=&#8221;https:\/\/ingesom.com\/wp-content\/uploads\/2024\/12\/ig02.webp&#8221; z_index=&#8221;1&#8243; height=&#8221;600px&#8221; custom_margin=&#8221;0px||0px||true|false&#8221; custom_padding=&#8221;0px||0px||true|false&#8221; global_colors_info=&#8221;{}&#8221;][et_pb_row use_custom_gutter=&#8221;on&#8221; make_equal=&#8221;on&#8221; _builder_version=&#8221;4.23&#8243; _module_preset=&#8221;default&#8221; width=&#8221;100%&#8221; max_width=&#8221;2560px&#8221; custom_margin=&#8221;0px||0px||true|false&#8221; custom_padding=&#8221;0px||0px||true|false&#8221; global_colors_info=&#8221;{}&#8221;][et_pb_column type=&#8221;4_4&#8243; _builder_version=&#8221;4.23&#8243; _module_preset=&#8221;default&#8221; global_colors_info=&#8221;{}&#8221;][et_pb_image alt=&#8221;Control Ceramics by Ingesom, sistema de digitalitzaci\u00f3 per al sector cer\u00e0mic&#8221; title_text=&#8221;Control Ceramics by Ingesom, sistema de digitalitzaci\u00f3 per al sector cer\u00e0mic&#8221; align=&#8221;center&#8221; force_fullwidth=&#8221;on&#8221; _builder_version=&#8221;4.27.4&#8243; _module_preset=&#8221;default&#8221; global_colors_info=&#8221;{}&#8221;][\/et_pb_image][\/et_pb_column][\/et_pb_row][\/et_pb_section][et_pb_section fb_built=&#8221;1&#8243; _builder_version=&#8221;4.27.4&#8243; _module_preset=&#8221;default&#8221; background_color=&#8221;gcid-b0777a41-90dd-4c9a-99f1-05ce48d2e89a&#8221; custom_padding=&#8221;0px||0px||true|false&#8221; global_colors_info=&#8221;{%22gcid-b0777a41-90dd-4c9a-99f1-05ce48d2e89a%22:%91%22background_color%22%93}&#8221;][et_pb_row column_structure=&#8221;1_2,1_2&#8243; _builder_version=&#8221;4.27.4&#8243; _module_preset=&#8221;default&#8221; background_color=&#8221;gcid-92de8609-de16-477b-9bb1-0ffdd13fa64d&#8221; use_background_color_gradient=&#8221;on&#8221; z_index=&#8221;500&#8243; width=&#8221;60%&#8221; width_tablet=&#8221;60%&#8221; width_phone=&#8221;90%&#8221; width_last_edited=&#8221;on|phone&#8221; max_width_tablet=&#8221;&#8221; max_width_phone=&#8221;&#8221; max_width_last_edited=&#8221;on|tablet&#8221; custom_margin=&#8221;-75px||50px||false|false&#8221; custom_padding=&#8221;50px|50px|50px|50px|true|true&#8221; animation_style=&#8221;zoom&#8221; animation_duration=&#8221;1500ms&#8221; animation_delay=&#8221;100ms&#8221; animation_starting_opacity=&#8221;1%&#8221; border_radii=&#8221;on|60px|60px|60px|60px&#8221; global_colors_info=&#8221;{%22gcid-92de8609-de16-477b-9bb1-0ffdd13fa64d%22:%91%22background_color%22%93}&#8221;][et_pb_column type=&#8221;1_2&#8243; _builder_version=&#8221;4.23&#8243; _module_preset=&#8221;default&#8221; global_colors_info=&#8221;{}&#8221;][dsm_icon_list icon_color=&#8221;#666666&#8243; icon_font_size=&#8221;30px&#8221; list_alignment=&#8221;center&#8221; text_indent=&#8221;10px&#8221; image_max_width=&#8221;60px&#8221; icon_font_size_tablet=&#8221;30px&#8221; icon_font_size_phone=&#8221;30px&#8221; icon_font_size_last_edited=&#8221;on|phone&#8221; list_alignment_tablet=&#8221;center&#8221; list_alignment_phone=&#8221;center&#8221; list_alignment_last_edited=&#8221;on|phone&#8221; _builder_version=&#8221;4.27.4&#8243; _module_preset=&#8221;default&#8221; text_font=&#8221;||||||||&#8221; text_text_color=&#8221;gcid-fa40c825-c552-463f-9943-486e67f89d96&#8243; text_font_size=&#8221;16px&#8221; global_colors_info=&#8221;{%22gcid-fa40c825-c552-463f-9943-486e67f89d96%22:%91%22text_text_color%22%93}&#8221;][dsm_icon_list_child text=&#8221;info@ingesom.com&#8221; use_icon=&#8221;off&#8221; image=&#8221;https:\/\/ingesom.com\/wp-content\/uploads\/2023\/10\/mail.webp&#8221; _builder_version=&#8221;4.23.1&#8243; _module_preset=&#8221;default&#8221; text_font=&#8221;|600|||||||&#8221; global_colors_info=&#8221;{}&#8221;][\/dsm_icon_list_child][\/dsm_icon_list][\/et_pb_column][et_pb_column type=&#8221;1_2&#8243; _builder_version=&#8221;4.23&#8243; _module_preset=&#8221;default&#8221; global_colors_info=&#8221;{}&#8221;][dsm_icon_list icon_color=&#8221;#666666&#8243; icon_font_size=&#8221;30px&#8221; list_alignment=&#8221;center&#8221; text_indent=&#8221;10px&#8221; image_max_width=&#8221;60px&#8221; list_alignment_tablet=&#8221;center&#8221; list_alignment_phone=&#8221;center&#8221; list_alignment_last_edited=&#8221;on|tablet&#8221; _builder_version=&#8221;4.27.4&#8243; _module_preset=&#8221;default&#8221; text_font=&#8221;||||||||&#8221; text_text_color=&#8221;gcid-fa40c825-c552-463f-9943-486e67f89d96&#8243; text_font_size=&#8221;16px&#8221; global_colors_info=&#8221;{%22gcid-fa40c825-c552-463f-9943-486e67f89d96%22:%91%22text_text_color%22%93}&#8221;][dsm_icon_list_child text=&#8221;+34 964 090 111&#8243; use_icon=&#8221;off&#8221; image=&#8221;https:\/\/ingesom.com\/wp-content\/uploads\/2023\/10\/phone.webp&#8221; _builder_version=&#8221;4.23.1&#8243; _module_preset=&#8221;default&#8221; text_font=&#8221;|600|||||||&#8221; global_colors_info=&#8221;{}&#8221;][\/dsm_icon_list_child][\/dsm_icon_list][\/et_pb_column][\/et_pb_row][\/et_pb_section][et_pb_section fb_built=&#8221;1&#8243; _builder_version=&#8221;4.27.4&#8243; _module_preset=&#8221;default&#8221; background_color=&#8221;gcid-b0777a41-90dd-4c9a-99f1-05ce48d2e89a&#8221; custom_padding=&#8221;0px||||false|false&#8221; global_colors_info=&#8221;{%22gcid-b0777a41-90dd-4c9a-99f1-05ce48d2e89a%22:%91%22background_color%22%93}&#8221;][et_pb_row column_structure=&#8221;2_5,3_5&#8243; _builder_version=&#8221;4.27.0&#8243; _module_preset=&#8221;default&#8221; global_colors_info=&#8221;{}&#8221;][et_pb_column type=&#8221;2_5&#8243; _builder_version=&#8221;4.27.0&#8243; _module_preset=&#8221;default&#8221; animation_style=&#8221;slide&#8221; animation_duration=&#8221;1200ms&#8221; animation_intensity_slide=&#8221;35%&#8221; animation_starting_opacity=&#8221;1%&#8221; global_colors_info=&#8221;{}&#8221;][et_pb_text _builder_version=&#8221;4.23&#8243; _module_preset=&#8221;default&#8221; header_font=&#8221;|600|||||||&#8221; header_font_size=&#8221;60px&#8221; global_colors_info=&#8221;{}&#8221;]<\/p>\n<h1 style=\"text-align: right;\">Contacta amb<br \/> nosaltres<\/h1>\n<p>[\/et_pb_text][\/et_pb_column][et_pb_column type=&#8221;3_5&#8243; _builder_version=&#8221;4.27.0&#8243; _module_preset=&#8221;default&#8221; animation_style=&#8221;bounce&#8221; animation_direction=&#8221;right&#8221; animation_duration=&#8221;1200ms&#8221; animation_delay=&#8221;35ms&#8221; animation_starting_opacity=&#8221;5%&#8221; global_colors_info=&#8221;{}&#8221;][et_pb_contact_form use_spam_service=&#8221;on&#8221; recaptcha_list=&#8221;Ingesom|Ingesom-0&#8243; email=&#8221;info@ingesom.com&#8221; custom_message=&#8221;Formulari Contacta amb nosaltres Ingesom||et_pb_line_break_holder||||et_pb_line_break_holder||Nom i cognoms: %%Name%%||et_pb_line_break_holder||Email: %%Email%%||et_pb_line_break_holder||Tel\u00e8fon: %%telefono%%||et_pb_line_break_holder||Missatge: %%Message%%||et_pb_line_break_holder||Accepto el tractament de dades: %%Acepto%%&#8221; success_message=&#8221;Gr\u00e0cies! El teu missatge s&#039;ha enviat correctament i ens posarem en contacte amb tu el m\u00e9s aviat possible. &#8221; _builder_version=&#8221;4.27.5&#8243; _module_preset=&#8221;default&#8221; _unique_id=&#8221;66ef81d3-65cd-445e-9590-113bc5f1f52b&#8221; form_field_background_color=&#8221;RGBA(255,255,255,0)&#8221; form_field_text_color=&#8221;gcid-fa40c825-c552-463f-9943-486e67f89d96&#8243; form_field_custom_padding=&#8221;|||0px|false|false&#8221; title_text_color=&#8221;gcid-fa40c825-c552-463f-9943-486e67f89d96&#8243; custom_button=&#8221;on&#8221; button_text_size=&#8221;18px&#8221; button_text_color=&#8221;#FFFFFF&#8221; button_bg_color=&#8221;gcid-fa40c825-c552-463f-9943-486e67f89d96&#8243; button_border_color=&#8221;gcid-fa40c825-c552-463f-9943-486e67f89d96&#8243; button_border_radius=&#8221;40px&#8221; button_use_icon=&#8221;off&#8221; button_custom_padding=&#8221;|20px||20px|false|true&#8221; hover_enabled=&#8221;0&#8243; border_width_bottom=&#8221;1px&#8221; global_colors_info=&#8221;{%22gcid-fa40c825-c552-463f-9943-486e67f89d96%22:%91%22title_text_color%22,%22form_field_text_color%22,%22button_bg_color%22,%22button_border_color%22%93}&#8221; sticky_enabled=&#8221;0&#8243;][et_pb_contact_field field_id=&#8221;Name&#8221; field_title=&#8221;Nom i Cognoms *&#8221; fullwidth_field=&#8221;on&#8221; _builder_version=&#8221;4.23&#8243; global_colors_info=&#8221;{}&#8221; button_text_size__hover_enabled=&#8221;off&#8221; button_one_text_size__hover_enabled=&#8221;off&#8221; button_two_text_size__hover_enabled=&#8221;off&#8221; button_text_color__hover_enabled=&#8221;off&#8221; button_one_text_color__hover_enabled=&#8221;off&#8221; button_two_text_color__hover_enabled=&#8221;off&#8221; button_border_width__hover_enabled=&#8221;off&#8221; button_one_border_width__hover_enabled=&#8221;off&#8221; button_two_border_width__hover_enabled=&#8221;off&#8221; button_border_color__hover_enabled=&#8221;off&#8221; button_one_border_color__hover_enabled=&#8221;off&#8221; button_two_border_color__hover_enabled=&#8221;off&#8221; button_border_radius__hover_enabled=&#8221;off&#8221; button_one_border_radius__hover_enabled=&#8221;off&#8221; button_two_border_radius__hover_enabled=&#8221;off&#8221; button_letter_spacing__hover_enabled=&#8221;off&#8221; button_one_letter_spacing__hover_enabled=&#8221;off&#8221; button_two_letter_spacing__hover_enabled=&#8221;off&#8221; button_bg_color__hover_enabled=&#8221;off&#8221; button_one_bg_color__hover_enabled=&#8221;off&#8221; button_two_bg_color__hover_enabled=&#8221;off&#8221;][\/et_pb_contact_field][et_pb_contact_field field_id=&#8221;Email&#8221; field_title=&#8221;Email *&#8221; field_type=&#8221;email&#8221; fullwidth_field=&#8221;on&#8221; _builder_version=&#8221;4.23&#8243; global_colors_info=&#8221;{}&#8221; button_text_size__hover_enabled=&#8221;off&#8221; button_one_text_size__hover_enabled=&#8221;off&#8221; button_two_text_size__hover_enabled=&#8221;off&#8221; button_text_color__hover_enabled=&#8221;off&#8221; button_one_text_color__hover_enabled=&#8221;off&#8221; button_two_text_color__hover_enabled=&#8221;off&#8221; button_border_width__hover_enabled=&#8221;off&#8221; button_one_border_width__hover_enabled=&#8221;off&#8221; button_two_border_width__hover_enabled=&#8221;off&#8221; button_border_color__hover_enabled=&#8221;off&#8221; button_one_border_color__hover_enabled=&#8221;off&#8221; button_two_border_color__hover_enabled=&#8221;off&#8221; button_border_radius__hover_enabled=&#8221;off&#8221; button_one_border_radius__hover_enabled=&#8221;off&#8221; button_two_border_radius__hover_enabled=&#8221;off&#8221; button_letter_spacing__hover_enabled=&#8221;off&#8221; button_one_letter_spacing__hover_enabled=&#8221;off&#8221; button_two_letter_spacing__hover_enabled=&#8221;off&#8221; button_bg_color__hover_enabled=&#8221;off&#8221; button_one_bg_color__hover_enabled=&#8221;off&#8221; button_two_bg_color__hover_enabled=&#8221;off&#8221;][\/et_pb_contact_field][et_pb_contact_field field_id=&#8221;telefono&#8221; field_title=&#8221;Tel\u00e8fon&#8221; required_mark=&#8221;off&#8221; fullwidth_field=&#8221;on&#8221; _builder_version=&#8221;4.23&#8243; global_colors_info=&#8221;{}&#8221; button_text_size__hover_enabled=&#8221;off&#8221; button_one_text_size__hover_enabled=&#8221;off&#8221; button_two_text_size__hover_enabled=&#8221;off&#8221; button_text_color__hover_enabled=&#8221;off&#8221; button_one_text_color__hover_enabled=&#8221;off&#8221; button_two_text_color__hover_enabled=&#8221;off&#8221; button_border_width__hover_enabled=&#8221;off&#8221; button_one_border_width__hover_enabled=&#8221;off&#8221; button_two_border_width__hover_enabled=&#8221;off&#8221; button_border_color__hover_enabled=&#8221;off&#8221; button_one_border_color__hover_enabled=&#8221;off&#8221; button_two_border_color__hover_enabled=&#8221;off&#8221; button_border_radius__hover_enabled=&#8221;off&#8221; button_one_border_radius__hover_enabled=&#8221;off&#8221; button_two_border_radius__hover_enabled=&#8221;off&#8221; button_letter_spacing__hover_enabled=&#8221;off&#8221; button_one_letter_spacing__hover_enabled=&#8221;off&#8221; button_two_letter_spacing__hover_enabled=&#8221;off&#8221; button_bg_color__hover_enabled=&#8221;off&#8221; button_one_bg_color__hover_enabled=&#8221;off&#8221; button_two_bg_color__hover_enabled=&#8221;off&#8221;][\/et_pb_contact_field][et_pb_contact_field field_id=&#8221;Message&#8221; field_title=&#8221;Missatge&#8221; field_type=&#8221;text&#8221; fullwidth_field=&#8221;on&#8221; _builder_version=&#8221;4.16&#8243; global_colors_info=&#8221;{}&#8221; button_text_size__hover_enabled=&#8221;off&#8221; button_one_text_size__hover_enabled=&#8221;off&#8221; button_two_text_size__hover_enabled=&#8221;off&#8221; button_text_color__hover_enabled=&#8221;off&#8221; button_one_text_color__hover_enabled=&#8221;off&#8221; button_two_text_color__hover_enabled=&#8221;off&#8221; button_border_width__hover_enabled=&#8221;off&#8221; button_one_border_width__hover_enabled=&#8221;off&#8221; button_two_border_width__hover_enabled=&#8221;off&#8221; button_border_color__hover_enabled=&#8221;off&#8221; button_one_border_color__hover_enabled=&#8221;off&#8221; button_two_border_color__hover_enabled=&#8221;off&#8221; button_border_radius__hover_enabled=&#8221;off&#8221; button_one_border_radius__hover_enabled=&#8221;off&#8221; button_two_border_radius__hover_enabled=&#8221;off&#8221; button_letter_spacing__hover_enabled=&#8221;off&#8221; button_one_letter_spacing__hover_enabled=&#8221;off&#8221; button_two_letter_spacing__hover_enabled=&#8221;off&#8221; button_bg_color__hover_enabled=&#8221;off&#8221; button_one_bg_color__hover_enabled=&#8221;off&#8221; button_two_bg_color__hover_enabled=&#8221;off&#8221;][\/et_pb_contact_field][et_pb_contact_field field_id=&#8221;Field_5_2&#8243; field_title=&#8221;  Protecci\u00f3 de dades personals&#8221; field_type=&#8221;checkbox&#8221; checkbox_options=&#8221;%91{%22value%22:%22Utilitzarem les vostres dades per respondre consultes, enviar comunicacions comercials i realitzar an\u00e0lisis estad\u00edstiques. Per a m\u00e9s informaci\u00f3 sobre el tractament i els seus drets, consulteu la %22,%22checked%22:0,%22dragID%22:-1,%22link_url%22:%22https:%92\/%92\/ingesom.com%92\/wp-content%92\/uploads%92\/2026%92\/02%92\/Politica_de_PRIVACIDAD_PD_WEB_FORM_2026-2-1.pdf%22,%22link_text%22:%22  pol\u00edtica de privadesa%22}%93&#8243; required_mark=&#8221;off&#8221; fullwidth_field=&#8221;on&#8221; _builder_version=&#8221;4.27.5&#8243; _module_preset=&#8221;default&#8221; hover_enabled=&#8221;0&#8243; custom_css_free_form=&#8221;selector i {||    display: none !important;||}&#8221; border_width_all=&#8221;1px&#8221; global_colors_info=&#8221;{}&#8221; sticky_enabled=&#8221;0&#8243;][\/et_pb_contact_field][et_pb_contact_field field_id=&#8221;Acepto&#8221; field_title=&#8221; &#8221; field_type=&#8221;checkbox&#8221; checkbox_options=&#8221;%91{%22value%22:%22Accepto el tractament de dades per enviar comunicacions comercials%22,%22checked%22:0,%22dragID%22:-1,%22link_url%22:%22%22,%22link_text%22:%22%22}%93&#8243; required_mark=&#8221;off&#8221; fullwidth_field=&#8221;on&#8221; _builder_version=&#8221;4.27.5&#8243; _module_preset=&#8221;default&#8221; hover_enabled=&#8221;0&#8243; border_width_all=&#8221;1px&#8221; global_colors_info=&#8221;{}&#8221; sticky_enabled=&#8221;0&#8243;][\/et_pb_contact_field][\/et_pb_contact_form][\/et_pb_column][\/et_pb_row][\/et_pb_section]<\/p>\n","protected":false},"excerpt":{"rendered":"<p><div class=\"et_pb_module dsm_icon_list dsm_icon_list_0\">\n\t\t\t\t\n\t\t\t\t\n\t\t\t\t\n\t\t\t\t\n\t\t\t\t\n\t\t\t\t\n\t\t\t\t<div class=\"et_pb_module_inner\">\n\t\t\t\t\t<ul class=\"dsm_icon_list_items dsm_icon_list_ltr_direction dsm_icon_list_layout_vertical\"><li class=\"dsm_icon_list_child dsm_icon_list_child_0\">\n\t\t\t\t\n\t\t\t\t\n\t\t\t\t\n\t\t\t\t\n\t\t\t\t<span class=\"dsm_icon_list_wrapper\"><span class=\"dsm_icon_list_image\"><img decoding=\"async\" src=\"https:\/\/ingesom.com\/wp-content\/uploads\/2023\/10\/mail.webp\" alt=\"\" \/><\/span><\/span><span class=\"dsm_icon_list_text\">info@ingesom.com<\/span>\n\t\t\t<\/li><\/ul>\n\t\t\t\t<\/div>\n\t\t\t<\/div><div class=\"et_pb_module dsm_icon_list dsm_icon_list_1\">\n\t\t\t\t\n\t\t\t\t\n\t\t\t\t\n\t\t\t\t\n\t\t\t\t\n\t\t\t\t\n\t\t\t\t<div class=\"et_pb_module_inner\">\n\t\t\t\t\t<ul class=\"dsm_icon_list_items dsm_icon_list_ltr_direction dsm_icon_list_layout_vertical\"><li class=\"dsm_icon_list_child dsm_icon_list_child_1\">\n\t\t\t\t\n\t\t\t\t\n\t\t\t\t\n\t\t\t\t\n\t\t\t\t<span class=\"dsm_icon_list_wrapper\"><span class=\"dsm_icon_list_image\"><img decoding=\"async\" src=\"https:\/\/ingesom.com\/wp-content\/uploads\/2023\/10\/phone.webp\" alt=\"\" \/><\/span><\/span><span class=\"dsm_icon_list_text\">+34 964 090 111<\/span>\n\t\t\t<\/li><\/ul>\n\t\t\t\t<\/div>\n\t\t\t<\/div>Contacta amb nosaltres<\/p>\n","protected":false},"author":3,"featured_media":0,"parent":0,"menu_order":0,"comment_status":"closed","ping_status":"closed","template":"","meta":{"_et_pb_use_builder":"on","_et_pb_old_content":"","_et_gb_content_width":"","footnotes":""},"class_list":["post-8202","page","type-page","status-publish","hentry"],"yoast_head":"<!-- This site is optimized with the Yoast SEO Premium plugin v27.0 (Yoast SEO v27.0) - https:\/\/yoast.com\/product\/yoast-seo-premium-wordpress\/ -->\n<title>Contacte - Ingesom<\/title>\n<meta name=\"robots\" content=\"index, follow, max-snippet:-1, max-image-preview:large, max-video-preview:-1\" \/>\n<link rel=\"canonical\" href=\"https:\/\/ingesom.com\/ca\/contacte\/\" \/>\n<meta property=\"og:locale\" content=\"ca_ES\" \/>\n<meta property=\"og:type\" content=\"article\" \/>\n<meta property=\"og:title\" content=\"Contacte\" \/>\n<meta property=\"og:description\" content=\"Contacta amb nosaltres\" \/>\n<meta property=\"og:url\" content=\"https:\/\/ingesom.com\/ca\/contacte\/\" \/>\n<meta property=\"og:site_name\" content=\"Ingesom\" \/>\n<meta property=\"article:modified_time\" content=\"2026-02-25T10:34:47+00:00\" \/>\n<meta property=\"og:image\" content=\"https:\/\/ingesom.com\/wp-content\/uploads\/2025\/02\/Ingesom-Logo.jpg\" \/>\n\t<meta property=\"og:image:width\" content=\"800\" \/>\n\t<meta property=\"og:image:height\" content=\"450\" \/>\n\t<meta property=\"og:image:type\" content=\"image\/jpeg\" \/>\n<meta name=\"twitter:card\" content=\"summary_large_image\" \/>\n<meta name=\"twitter:label1\" content=\"Temps estimat de lectura\" \/>\n\t<meta name=\"twitter:data1\" content=\"9 minuts\" \/>\n<script type=\"application\/ld+json\" class=\"yoast-schema-graph\">{\"@context\":\"https:\/\/schema.org\",\"@graph\":[{\"@type\":\"WebPage\",\"@id\":\"https:\/\/ingesom.com\/ca\/contacte\/\",\"url\":\"https:\/\/ingesom.com\/ca\/contacte\/\",\"name\":\"Contacte - Ingesom\",\"isPartOf\":{\"@id\":\"https:\/\/ingesom.com\/ca\/#website\"},\"datePublished\":\"2023-10-25T10:08:14+00:00\",\"dateModified\":\"2026-02-25T10:34:47+00:00\",\"breadcrumb\":{\"@id\":\"https:\/\/ingesom.com\/ca\/contacte\/#breadcrumb\"},\"inLanguage\":\"ca\",\"potentialAction\":[{\"@type\":\"ReadAction\",\"target\":[\"https:\/\/ingesom.com\/ca\/contacte\/\"]}]},{\"@type\":\"BreadcrumbList\",\"@id\":\"https:\/\/ingesom.com\/ca\/contacte\/#breadcrumb\",\"itemListElement\":[{\"@type\":\"ListItem\",\"position\":1,\"name\":\"Portada\",\"item\":\"https:\/\/ingesom.com\/ca\/\"},{\"@type\":\"ListItem\",\"position\":2,\"name\":\"Contacte\"}]},{\"@type\":\"WebSite\",\"@id\":\"https:\/\/ingesom.com\/ca\/#website\",\"url\":\"https:\/\/ingesom.com\/ca\/\",\"name\":\"Ingesom\",\"description\":\"Digitalizaci\u00f3n industrial\",\"publisher\":{\"@id\":\"https:\/\/ingesom.com\/ca\/#organization\"},\"potentialAction\":[{\"@type\":\"SearchAction\",\"target\":{\"@type\":\"EntryPoint\",\"urlTemplate\":\"https:\/\/ingesom.com\/ca\/?s={search_term_string}\"},\"query-input\":{\"@type\":\"PropertyValueSpecification\",\"valueRequired\":true,\"valueName\":\"search_term_string\"}}],\"inLanguage\":\"ca\"},{\"@type\":\"Organization\",\"@id\":\"https:\/\/ingesom.com\/ca\/#organization\",\"name\":\"Ingesom Industrial Control\",\"url\":\"https:\/\/ingesom.com\/ca\/\",\"logo\":{\"@type\":\"ImageObject\",\"inLanguage\":\"ca\",\"@id\":\"https:\/\/ingesom.com\/ca\/#\/schema\/logo\/image\/\",\"url\":\"https:\/\/ingesom.com\/wp-content\/uploads\/2025\/02\/Logo-Ingesom.webp\",\"contentUrl\":\"https:\/\/ingesom.com\/wp-content\/uploads\/2025\/02\/Logo-Ingesom.webp\",\"width\":696,\"height\":696,\"caption\":\"Ingesom Industrial Control\"},\"image\":{\"@id\":\"https:\/\/ingesom.com\/ca\/#\/schema\/logo\/image\/\"},\"sameAs\":[\"https:\/\/www.linkedin.com\/build-relation\/newsletter-follow?entityUrn=6940973019452338176\"]}]}<\/script>\n<!-- \/ Yoast SEO Premium plugin. -->","yoast_head_json":{"title":"Contacte - Ingesom","robots":{"index":"index","follow":"follow","max-snippet":"max-snippet:-1","max-image-preview":"max-image-preview:large","max-video-preview":"max-video-preview:-1"},"canonical":"https:\/\/ingesom.com\/ca\/contacte\/","og_locale":"ca_ES","og_type":"article","og_title":"Contacte","og_description":"Contacta amb nosaltres","og_url":"https:\/\/ingesom.com\/ca\/contacte\/","og_site_name":"Ingesom","article_modified_time":"2026-02-25T10:34:47+00:00","og_image":[{"width":800,"height":450,"url":"https:\/\/ingesom.com\/wp-content\/uploads\/2025\/02\/Ingesom-Logo.jpg","type":"image\/jpeg"}],"twitter_card":"summary_large_image","twitter_misc":{"Temps estimat de lectura":"9 minuts"},"schema":{"@context":"https:\/\/schema.org","@graph":[{"@type":"WebPage","@id":"https:\/\/ingesom.com\/ca\/contacte\/","url":"https:\/\/ingesom.com\/ca\/contacte\/","name":"Contacte - Ingesom","isPartOf":{"@id":"https:\/\/ingesom.com\/ca\/#website"},"datePublished":"2023-10-25T10:08:14+00:00","dateModified":"2026-02-25T10:34:47+00:00","breadcrumb":{"@id":"https:\/\/ingesom.com\/ca\/contacte\/#breadcrumb"},"inLanguage":"ca","potentialAction":[{"@type":"ReadAction","target":["https:\/\/ingesom.com\/ca\/contacte\/"]}]},{"@type":"BreadcrumbList","@id":"https:\/\/ingesom.com\/ca\/contacte\/#breadcrumb","itemListElement":[{"@type":"ListItem","position":1,"name":"Portada","item":"https:\/\/ingesom.com\/ca\/"},{"@type":"ListItem","position":2,"name":"Contacte"}]},{"@type":"WebSite","@id":"https:\/\/ingesom.com\/ca\/#website","url":"https:\/\/ingesom.com\/ca\/","name":"Ingesom","description":"Digitalizaci\u00f3n industrial","publisher":{"@id":"https:\/\/ingesom.com\/ca\/#organization"},"potentialAction":[{"@type":"SearchAction","target":{"@type":"EntryPoint","urlTemplate":"https:\/\/ingesom.com\/ca\/?s={search_term_string}"},"query-input":{"@type":"PropertyValueSpecification","valueRequired":true,"valueName":"search_term_string"}}],"inLanguage":"ca"},{"@type":"Organization","@id":"https:\/\/ingesom.com\/ca\/#organization","name":"Ingesom Industrial Control","url":"https:\/\/ingesom.com\/ca\/","logo":{"@type":"ImageObject","inLanguage":"ca","@id":"https:\/\/ingesom.com\/ca\/#\/schema\/logo\/image\/","url":"https:\/\/ingesom.com\/wp-content\/uploads\/2025\/02\/Logo-Ingesom.webp","contentUrl":"https:\/\/ingesom.com\/wp-content\/uploads\/2025\/02\/Logo-Ingesom.webp","width":696,"height":696,"caption":"Ingesom Industrial Control"},"image":{"@id":"https:\/\/ingesom.com\/ca\/#\/schema\/logo\/image\/"},"sameAs":["https:\/\/www.linkedin.com\/build-relation\/newsletter-follow?entityUrn=6940973019452338176"]}]}},"_links":{"self":[{"href":"https:\/\/ingesom.com\/ca\/wp-json\/wp\/v2\/pages\/8202","targetHints":{"allow":["GET"]}}],"collection":[{"href":"https:\/\/ingesom.com\/ca\/wp-json\/wp\/v2\/pages"}],"about":[{"href":"https:\/\/ingesom.com\/ca\/wp-json\/wp\/v2\/types\/page"}],"author":[{"embeddable":true,"href":"https:\/\/ingesom.com\/ca\/wp-json\/wp\/v2\/users\/3"}],"replies":[{"embeddable":true,"href":"https:\/\/ingesom.com\/ca\/wp-json\/wp\/v2\/comments?post=8202"}],"version-history":[{"count":33,"href":"https:\/\/ingesom.com\/ca\/wp-json\/wp\/v2\/pages\/8202\/revisions"}],"predecessor-version":[{"id":15167,"href":"https:\/\/ingesom.com\/ca\/wp-json\/wp\/v2\/pages\/8202\/revisions\/15167"}],"wp:attachment":[{"href":"https:\/\/ingesom.com\/ca\/wp-json\/wp\/v2\/media?parent=8202"}],"curies":[{"name":"wp","href":"https:\/\/api.w.org\/{rel}","templated":true}]}}